{"id":1235,"date":"2016-09-29T10:03:59","date_gmt":"2016-09-29T08:03:59","guid":{"rendered":"http:\/\/www.lecasedellagiardiniera.it\/de\/?page_id=1235"},"modified":"2016-09-29T10:03:59","modified_gmt":"2016-09-29T08:03:59","slug":"die-wohnungen","status":"publish","type":"page","link":"https:\/\/lecasedellagiardiniera.it\/de\/die-wohnungen\/","title":{"rendered":"Die Wohnungen"},"content":{"rendered":"<div class=\"wpb-content-wrapper\"><p>[vc_row][vc_column][vc_column_text]<\/p>\n<p style=\"text-align: center;\"><strong>Die WohnungenI<\/strong><\/p>\n<p>Die Schl\u00fcssel des historischen Parks des Schlosses werden den G\u04d3sten abgegeben, um, w\u04d3hrend des Tages, einen Spaziergang durch jahrhundertealte B\u04d3ume, das Gew\u04d3chshaus der Orchideen und den Vogelwald frei zu machen.<\/p>\n<p>Au\u00dferdem k\u04e7nnen sie den Innenraum des Schlosses nach Vereinbarung und vorheriger Bezahlung der Eintrittskarte besichtigen. Gef\u00fchrt ist der Fu\u00dfweg, um das t\u04d3gliche Leben in einem alten savoyischen Haus zu entdecken: Von den Weinkellern bis zu den Speisekammern, von den Orten f\u00fcr die Obstkonservierung bis zu den Ger\u04d3ten, um das Haus zu erleuchten und zu erw\u04d3rmen, vom Zimmer der Hausangestellten bis zum B\u00fcro des Hausmeisters, von den arbeitsamen K\u00fcchen bis zum Anrichtezimmer, vom Badezimmer bis zum Musikwohnzimmer. Es gibt noch das B\u00fcro des Ministers, den v\u04e7llig ausgestatteten Speisesaal und den Ehresalon, wo die Schritte der G\u04d3sten noch dr\u04e7hnen scheinen.<\/p>\n<p style=\"text-align: center;\">Um weitere Informationen zu bekommen, besichtigen Sie die Website <a href=\"http:\/\/www.castellodipralormo.com\" target=\"_blank\">www.castellodipralormo.com<\/a><\/p>\n<p>[\/vc_column_text][\/vc_column][\/vc_row]<\/p>\n<\/div>","protected":false},"excerpt":{"rendered":"<p>[vc_row][vc_column][vc_column_text] Die WohnungenI Die Schl\u00fcssel des historischen Parks des Schlosses werden den G\u04d3sten abgegeben, um, w\u04d3hrend des Tages, einen Spaziergang durch jahrhundertealte B\u04d3ume, das Gew\u04d3chshaus der Orchideen und den Vogelwald frei zu machen. Au\u00dferdem k\u04e7nnen sie den Innenraum des Schlosses nach Vereinbarung und vorheriger Bezahlung der Eintrittskarte besichtigen. Gef\u00fchrt ist der Fu\u00dfweg, um das t\u04d3gliche [&hellip;]<\/p>\n","protected":false},"author":1,"featured_media":0,"parent":0,"menu_order":0,"comment_status":"closed","ping_status":"closed","template":"","meta":{"footnotes":""},"class_list":["post-1235","page","type-page","status-publish","hentry"],"yoast_head":"<!-- This site is optimized with the Yoast SEO plugin v26.8 - https:\/\/yoast.com\/product\/yoast-seo-wordpress\/ -->\n<title>Die Wohnungen | Le Case Della Giardiniera<\/title>\n<meta name=\"robots\" content=\"index, follow, max-snippet:-1, max-image-preview:large, max-video-preview:-1\" \/>\n<link rel=\"canonical\" href=\"https:\/\/lecasedellagiardiniera.it\/gli-appartamenti\/\" \/>\n<meta property=\"og:locale\" content=\"de_DE\" \/>\n<meta property=\"og:type\" content=\"article\" \/>\n<meta property=\"og:title\" content=\"Die Wohnungen | Le Case Della Giardiniera\" \/>\n<meta property=\"og:description\" content=\"[vc_row][vc_column][vc_column_text] Die WohnungenI Die Schl\u00fcssel des historischen Parks des Schlosses werden den G\u04d3sten abgegeben, um, w\u04d3hrend des Tages, einen Spaziergang durch jahrhundertealte B\u04d3ume, das Gew\u04d3chshaus der Orchideen und den Vogelwald frei zu machen. Au\u00dferdem k\u04e7nnen sie den Innenraum des Schlosses nach Vereinbarung und vorheriger Bezahlung der Eintrittskarte besichtigen. Gef\u00fchrt ist der Fu\u00dfweg, um das t\u04d3gliche [&hellip;]\" \/>\n<meta property=\"og:url\" content=\"https:\/\/lecasedellagiardiniera.it\/gli-appartamenti\/\" \/>\n<meta property=\"og:site_name\" content=\"Le Case Della Giardiniera\" \/>\n<meta name=\"twitter:card\" content=\"summary_large_image\" \/>\n<meta name=\"twitter:label1\" content=\"Gesch\u00e4tzte Lesezeit\" \/>\n\t<meta name=\"twitter:data1\" content=\"1\u00a0Minute\" \/>\n<script type=\"application\/ld+json\" class=\"yoast-schema-graph\">{\"@context\":\"https:\/\/schema.org\",\"@graph\":[{\"@type\":\"WebPage\",\"@id\":\"https:\/\/lecasedellagiardiniera.it\/gli-appartamenti\/\",\"url\":\"https:\/\/lecasedellagiardiniera.it\/gli-appartamenti\/\",\"name\":\"Die Wohnungen | Le Case Della Giardiniera\",\"isPartOf\":{\"@id\":\"https:\/\/lecasedellagiardiniera.it\/#website\"},\"datePublished\":\"2016-09-29T08:03:59+00:00\",\"breadcrumb\":{\"@id\":\"https:\/\/lecasedellagiardiniera.it\/gli-appartamenti\/#breadcrumb\"},\"inLanguage\":\"de\",\"potentialAction\":[{\"@type\":\"ReadAction\",\"target\":[\"https:\/\/lecasedellagiardiniera.it\/gli-appartamenti\/\"]}]},{\"@type\":\"BreadcrumbList\",\"@id\":\"https:\/\/lecasedellagiardiniera.it\/gli-appartamenti\/#breadcrumb\",\"itemListElement\":[{\"@type\":\"ListItem\",\"position\":1,\"name\":\"Home\",\"item\":\"https:\/\/lecasedellagiardiniera.it\/de\/\"},{\"@type\":\"ListItem\",\"position\":2,\"name\":\"Die Wohnungen\"}]},{\"@type\":\"WebSite\",\"@id\":\"https:\/\/lecasedellagiardiniera.it\/#website\",\"url\":\"https:\/\/lecasedellagiardiniera.it\/\",\"name\":\"Le Case Della Giardiniera\",\"description\":\"Un nuovo sito targato WordPress\",\"potentialAction\":[{\"@type\":\"SearchAction\",\"target\":{\"@type\":\"EntryPoint\",\"urlTemplate\":\"https:\/\/lecasedellagiardiniera.it\/?s={search_term_string}\"},\"query-input\":{\"@type\":\"PropertyValueSpecification\",\"valueRequired\":true,\"valueName\":\"search_term_string\"}}],\"inLanguage\":\"de\"}]}<\/script>\n<!-- \/ Yoast SEO plugin. -->","yoast_head_json":{"title":"Die Wohnungen | Le Case Della Giardiniera","robots":{"index":"index","follow":"follow","max-snippet":"max-snippet:-1","max-image-preview":"max-image-preview:large","max-video-preview":"max-video-preview:-1"},"canonical":"https:\/\/lecasedellagiardiniera.it\/gli-appartamenti\/","og_locale":"de_DE","og_type":"article","og_title":"Die Wohnungen | Le Case Della Giardiniera","og_description":"[vc_row][vc_column][vc_column_text] Die WohnungenI Die Schl\u00fcssel des historischen Parks des Schlosses werden den G\u04d3sten abgegeben, um, w\u04d3hrend des Tages, einen Spaziergang durch jahrhundertealte B\u04d3ume, das Gew\u04d3chshaus der Orchideen und den Vogelwald frei zu machen. Au\u00dferdem k\u04e7nnen sie den Innenraum des Schlosses nach Vereinbarung und vorheriger Bezahlung der Eintrittskarte besichtigen. Gef\u00fchrt ist der Fu\u00dfweg, um das t\u04d3gliche [&hellip;]","og_url":"https:\/\/lecasedellagiardiniera.it\/gli-appartamenti\/","og_site_name":"Le Case Della Giardiniera","twitter_card":"summary_large_image","twitter_misc":{"Gesch\u00e4tzte Lesezeit":"1\u00a0Minute"},"schema":{"@context":"https:\/\/schema.org","@graph":[{"@type":"WebPage","@id":"https:\/\/lecasedellagiardiniera.it\/gli-appartamenti\/","url":"https:\/\/lecasedellagiardiniera.it\/gli-appartamenti\/","name":"Die Wohnungen | Le Case Della Giardiniera","isPartOf":{"@id":"https:\/\/lecasedellagiardiniera.it\/#website"},"datePublished":"2016-09-29T08:03:59+00:00","breadcrumb":{"@id":"https:\/\/lecasedellagiardiniera.it\/gli-appartamenti\/#breadcrumb"},"inLanguage":"de","potentialAction":[{"@type":"ReadAction","target":["https:\/\/lecasedellagiardiniera.it\/gli-appartamenti\/"]}]},{"@type":"BreadcrumbList","@id":"https:\/\/lecasedellagiardiniera.it\/gli-appartamenti\/#breadcrumb","itemListElement":[{"@type":"ListItem","position":1,"name":"Home","item":"https:\/\/lecasedellagiardiniera.it\/de\/"},{"@type":"ListItem","position":2,"name":"Die Wohnungen"}]},{"@type":"WebSite","@id":"https:\/\/lecasedellagiardiniera.it\/#website","url":"https:\/\/lecasedellagiardiniera.it\/","name":"Le Case Della Giardiniera","description":"Un nuovo sito targato WordPress","potentialAction":[{"@type":"SearchAction","target":{"@type":"EntryPoint","urlTemplate":"https:\/\/lecasedellagiardiniera.it\/?s={search_term_string}"},"query-input":{"@type":"PropertyValueSpecification","valueRequired":true,"valueName":"search_term_string"}}],"inLanguage":"de"}]}},"_links":{"self":[{"href":"https:\/\/lecasedellagiardiniera.it\/de\/wp-json\/wp\/v2\/pages\/1235","targetHints":{"allow":["GET"]}}],"collection":[{"href":"https:\/\/lecasedellagiardiniera.it\/de\/wp-json\/wp\/v2\/pages"}],"about":[{"href":"https:\/\/lecasedellagiardiniera.it\/de\/wp-json\/wp\/v2\/types\/page"}],"author":[{"embeddable":true,"href":"https:\/\/lecasedellagiardiniera.it\/de\/wp-json\/wp\/v2\/users\/1"}],"replies":[{"embeddable":true,"href":"https:\/\/lecasedellagiardiniera.it\/de\/wp-json\/wp\/v2\/comments?post=1235"}],"version-history":[{"count":1,"href":"https:\/\/lecasedellagiardiniera.it\/de\/wp-json\/wp\/v2\/pages\/1235\/revisions"}],"predecessor-version":[{"id":1236,"href":"https:\/\/lecasedellagiardiniera.it\/de\/wp-json\/wp\/v2\/pages\/1235\/revisions\/1236"}],"wp:attachment":[{"href":"https:\/\/lecasedellagiardiniera.it\/de\/wp-json\/wp\/v2\/media?parent=1235"}],"curies":[{"name":"wp","href":"https:\/\/api.w.org\/{rel}","templated":true}]}}