{"id":1238,"date":"2016-09-29T10:38:43","date_gmt":"2016-09-29T08:38:43","guid":{"rendered":"http:\/\/www.lecasedellagiardiniera.it\/de\/?page_id=1238"},"modified":"2026-02-06T11:20:32","modified_gmt":"2026-02-06T10:20:32","slug":"der-gemueseg%d3%93rtner","status":"publish","type":"page","link":"https:\/\/lecasedellagiardiniera.it\/de\/der-gemueseg%d3%93rtner\/","title":{"rendered":"Der Gem\u00fcseg\u04d3rtner"},"content":{"rendered":"<div class=\"wpb-content-wrapper\"><p>[vc_row][vc_column][rev_slider_vc alias=&#8220;ortolano&#8220;][\/vc_column][\/vc_row][vc_row][vc_column width=&#8220;7\/12&#8243;][vc_column_text]<\/p>\n<h3 style=\"text-align: center;\">Der Gem\u00fcseg\u04d3rtner<\/h3>\n<p style=\"text-align: center; color: #00637e;\">Von Filippo und Consolata Beraudo Pralormos erz\u04d3hlt<\/p>\n<p style=\"text-align: center;\"><em>Wir sind im Haus einer Figur, die f\u00fcr Jahre den gro\u00dfen Gem\u00fcsegarten des Schlosses bebauet hat. Hier liegen noch Arbeitsmittel f\u00fcr das Bebauen, das Ernten und das Beschneiden. <\/em><\/p>\n<p style=\"text-align: center;\"><em>An den W\u04d3nden befinden sich komische Bilder von Gem\u00fcse-Figuren, die \u201cvegetable people\u201d genannt sind. In Amerika waren sie in Mode in der drei\u00dfigen Jahren: Es handelte sich um Poster, die die Gem\u00fcseh\u04d3ndler den Kunden gaben. <\/em><\/p>\n<p style=\"text-align: center;\"><em>Auch die M\u04e7bel der vierzigen Jahren dr\u00fccken die Eigenschaft der Epoke aus. <\/em><\/p>\n<p style=\"text-align: center;\"><em>Auf dem Bett sind noch Gem\u00fcsekorbe und Siebe f\u00fcr den Salat.<\/em><\/p>\n<p>[\/vc_column_text][vc_single_image image=&#8220;1245&#8243; img_size=&#8220;full&#8220; alignment=&#8220;center&#8220; css=&#8220;.vc_custom_1470145750190{margin-top: 90px !important;margin-bottom: 80px !important;}&#8220;][vc_column_text css=&#8220;&#8220; css_params=&#8220;&#8220;]Adresse: Via Umberto I, 20 \u2013 Erster Stock<\/p>\n<p><strong>42 Quadratmeter \u2013 2+1 Personen maximal <\/strong><br \/>\n<strong>(man kann ihn mit dem Kutscher vermieten)<\/strong><\/p>\n<p>Die Wohnung besteht aus einer K\u00fcche mit einem Speisesaal, einem Zweibettzimmer und ein Klappbett, einem Bad mit Wanne und Dusche.<\/p>\n<p><strong>Im Preis sind diese Dienstleistungen inbegriffen:<\/strong><br \/>\n&#8211; \u00dcbernachtung und Nutzung der ausgestatteten K\u00fcche<br \/>\n&#8211; Reinigung und frische W\u04d3sche jede Woche<br \/>\n&#8211; Heizung im Winter<br \/>\n&#8211; Klimaanlage im Sommer<br \/>\n&#8211; Exklusivnutzung eines kleinen Privatgartens mit alten Brunnen und Vordach, Gartenm\u04e7bel zur Verf\u00fcgung, um drau\u00dfen zu essen<br \/>\n&#8211; Zugang zum historischen Park des Schlosses w\u04d3hrend des Tages<\/p>\n<p><strong>Au\u00dferdem:<\/strong><br \/>\n&#8211; Kostenlose Wi-fi[\/vc_column_text][\/vc_column][vc_column width=&#8220;5\/12&#8243;][vc_gallery type=&#8220;image_grid&#8220; images=&#8220;376,384,380,368,372,364,360&#8243; img_size=&#8220;110&#215;110&#8243;]<div class=\"porto-block\" data-id=\"93\">[vc_row el_class=\"termini-e-condizioni\"][vc_column][vc_column_text]<strong>Condizioni di pagamento<\/strong>\r\nAlla prenotazione \u00e8 necessario inviare una caparra pari al 50% dell\u2019importo totale del soggiorno a mezzo bonifico bancario o Pay Pal, con importo minimo equivalente al costo della prima notte.\r\nIl saldo deve essere pagato entro 10 giorni prima dell'arrivo con bonifico bancario o in loco prima della partenza\u00a0in contanti.\r\n\r\n<strong>Termini di cancellazione \u2013 penali<\/strong>\r\n\r\n<em>Soggiorni fino a massimo 3 notti<\/em>\r\nLa prenotazione pu\u00f2 essere cancellata fino a 7 giorni prima dell\u2019arrivo senza che venga addebitata alcuna penale, con restituzione dell\u2019anticipo versato.\r\nPer cancellazioni dopo questo termine la penale equivale al costo della prima notte.\r\n\r\n<em>Soggiorni oltre 3 notti<\/em>\r\nLa prenotazione pu\u00f2 essere cancellata fino a 30 giorni prima dell\u2019arrivo senza che venga addebitata alcuna penale, con restituzione dell\u2019anticipo versato.\r\nPer cancellazioni da 30 a 15 giorni prima dell\u2019arrivo la penale equivale al 50% della caparra versata.\r\nPer cancellazioni da 14 a 8 giorni prima dell\u2019arrivo la penale equivale al 80% della caparra versata.\r\nPer cancellazioni dopo questo termine la penale equivale al costo totale della caparra versata.\r\n\r\n<strong>Note<\/strong>\r\nArrivi e partenze possibili tra le 08.00 e le 19.00; check-in dalle 15.00 in poi; check-out entro le 11.00.\r\nTutte le camere e gli appartamenti sono non fumatori.[\/vc_column_text][\/vc_column][\/vc_row]<\/div>[\/vc_column][\/vc_row]<\/p>\n<\/div>","protected":false},"excerpt":{"rendered":"<p>[vc_row][vc_column][rev_slider_vc alias=&#8220;ortolano&#8220;][\/vc_column][\/vc_row][vc_row][vc_column width=&#8220;7\/12&#8243;][vc_column_text] Der Gem\u00fcseg\u04d3rtner Von Filippo und Consolata Beraudo Pralormos erz\u04d3hlt Wir sind im Haus einer Figur, die f\u00fcr Jahre den gro\u00dfen Gem\u00fcsegarten des Schlosses bebauet hat. Hier liegen noch Arbeitsmittel f\u00fcr das Bebauen, das Ernten und das Beschneiden. An den W\u04d3nden befinden sich komische Bilder von Gem\u00fcse-Figuren, die \u201cvegetable people\u201d genannt sind. In [&hellip;]<\/p>\n","protected":false},"author":1,"featured_media":0,"parent":0,"menu_order":0,"comment_status":"closed","ping_status":"closed","template":"","meta":{"footnotes":""},"class_list":["post-1238","page","type-page","status-publish","hentry"],"yoast_head":"<!-- This site is optimized with the Yoast SEO plugin v26.8 - https:\/\/yoast.com\/product\/yoast-seo-wordpress\/ -->\n<title>Der Gem\u00fcseg\u04d3rtner | Le Case Della Giardiniera<\/title>\n<meta name=\"robots\" content=\"index, follow, max-snippet:-1, max-image-preview:large, max-video-preview:-1\" \/>\n<link rel=\"canonical\" href=\"https:\/\/lecasedellagiardiniera.it\/de\/der-gemueseg\u04d3rtner\/\" \/>\n<meta property=\"og:locale\" content=\"de_DE\" \/>\n<meta property=\"og:type\" content=\"article\" \/>\n<meta property=\"og:title\" content=\"Der Gem\u00fcseg\u04d3rtner | Le Case Della Giardiniera\" \/>\n<meta property=\"og:description\" content=\"[vc_row][vc_column][rev_slider_vc alias=&#8220;ortolano&#8220;][\/vc_column][\/vc_row][vc_row][vc_column width=&#8220;7\/12&#8243;][vc_column_text] Der Gem\u00fcseg\u04d3rtner Von Filippo und Consolata Beraudo Pralormos erz\u04d3hlt Wir sind im Haus einer Figur, die f\u00fcr Jahre den gro\u00dfen Gem\u00fcsegarten des Schlosses bebauet hat. Hier liegen noch Arbeitsmittel f\u00fcr das Bebauen, das Ernten und das Beschneiden. An den W\u04d3nden befinden sich komische Bilder von Gem\u00fcse-Figuren, die \u201cvegetable people\u201d genannt sind. In [&hellip;]\" \/>\n<meta property=\"og:url\" content=\"https:\/\/lecasedellagiardiniera.it\/de\/der-gemueseg\u04d3rtner\/\" \/>\n<meta property=\"og:site_name\" content=\"Le Case Della Giardiniera\" \/>\n<meta property=\"article:modified_time\" content=\"2026-02-06T10:20:32+00:00\" \/>\n<meta name=\"twitter:card\" content=\"summary_large_image\" \/>\n<meta name=\"twitter:label1\" content=\"Gesch\u00e4tzte Lesezeit\" \/>\n\t<meta name=\"twitter:data1\" content=\"1\u00a0Minute\" \/>\n<script type=\"application\/ld+json\" class=\"yoast-schema-graph\">{\"@context\":\"https:\/\/schema.org\",\"@graph\":[{\"@type\":\"WebPage\",\"@id\":\"https:\/\/lecasedellagiardiniera.it\/de\/der-gemueseg%d3%93rtner\/\",\"url\":\"https:\/\/lecasedellagiardiniera.it\/de\/der-gemueseg%d3%93rtner\/\",\"name\":\"Der Gem\u00fcseg\u04d3rtner | Le Case Della Giardiniera\",\"isPartOf\":{\"@id\":\"https:\/\/lecasedellagiardiniera.it\/#website\"},\"datePublished\":\"2016-09-29T08:38:43+00:00\",\"dateModified\":\"2026-02-06T10:20:32+00:00\",\"breadcrumb\":{\"@id\":\"https:\/\/lecasedellagiardiniera.it\/de\/der-gemueseg%d3%93rtner\/#breadcrumb\"},\"inLanguage\":\"de\",\"potentialAction\":[{\"@type\":\"ReadAction\",\"target\":[\"https:\/\/lecasedellagiardiniera.it\/de\/der-gemueseg%d3%93rtner\/\"]}]},{\"@type\":\"BreadcrumbList\",\"@id\":\"https:\/\/lecasedellagiardiniera.it\/de\/der-gemueseg%d3%93rtner\/#breadcrumb\",\"itemListElement\":[{\"@type\":\"ListItem\",\"position\":1,\"name\":\"Home\",\"item\":\"https:\/\/lecasedellagiardiniera.it\/de\/\"},{\"@type\":\"ListItem\",\"position\":2,\"name\":\"Der Gem\u00fcseg\u04d3rtner\"}]},{\"@type\":\"WebSite\",\"@id\":\"https:\/\/lecasedellagiardiniera.it\/#website\",\"url\":\"https:\/\/lecasedellagiardiniera.it\/\",\"name\":\"Le Case Della Giardiniera\",\"description\":\"Un nuovo sito targato WordPress\",\"potentialAction\":[{\"@type\":\"SearchAction\",\"target\":{\"@type\":\"EntryPoint\",\"urlTemplate\":\"https:\/\/lecasedellagiardiniera.it\/?s={search_term_string}\"},\"query-input\":{\"@type\":\"PropertyValueSpecification\",\"valueRequired\":true,\"valueName\":\"search_term_string\"}}],\"inLanguage\":\"de\"}]}<\/script>\n<!-- \/ Yoast SEO plugin. -->","yoast_head_json":{"title":"Der Gem\u00fcseg\u04d3rtner | Le Case Della Giardiniera","robots":{"index":"index","follow":"follow","max-snippet":"max-snippet:-1","max-image-preview":"max-image-preview:large","max-video-preview":"max-video-preview:-1"},"canonical":"https:\/\/lecasedellagiardiniera.it\/de\/der-gemueseg\u04d3rtner\/","og_locale":"de_DE","og_type":"article","og_title":"Der Gem\u00fcseg\u04d3rtner | Le Case Della Giardiniera","og_description":"[vc_row][vc_column][rev_slider_vc alias=&#8220;ortolano&#8220;][\/vc_column][\/vc_row][vc_row][vc_column width=&#8220;7\/12&#8243;][vc_column_text] Der Gem\u00fcseg\u04d3rtner Von Filippo und Consolata Beraudo Pralormos erz\u04d3hlt Wir sind im Haus einer Figur, die f\u00fcr Jahre den gro\u00dfen Gem\u00fcsegarten des Schlosses bebauet hat. Hier liegen noch Arbeitsmittel f\u00fcr das Bebauen, das Ernten und das Beschneiden. An den W\u04d3nden befinden sich komische Bilder von Gem\u00fcse-Figuren, die \u201cvegetable people\u201d genannt sind. In [&hellip;]","og_url":"https:\/\/lecasedellagiardiniera.it\/de\/der-gemueseg\u04d3rtner\/","og_site_name":"Le Case Della Giardiniera","article_modified_time":"2026-02-06T10:20:32+00:00","twitter_card":"summary_large_image","twitter_misc":{"Gesch\u00e4tzte Lesezeit":"1\u00a0Minute"},"schema":{"@context":"https:\/\/schema.org","@graph":[{"@type":"WebPage","@id":"https:\/\/lecasedellagiardiniera.it\/de\/der-gemueseg%d3%93rtner\/","url":"https:\/\/lecasedellagiardiniera.it\/de\/der-gemueseg%d3%93rtner\/","name":"Der Gem\u00fcseg\u04d3rtner | Le Case Della Giardiniera","isPartOf":{"@id":"https:\/\/lecasedellagiardiniera.it\/#website"},"datePublished":"2016-09-29T08:38:43+00:00","dateModified":"2026-02-06T10:20:32+00:00","breadcrumb":{"@id":"https:\/\/lecasedellagiardiniera.it\/de\/der-gemueseg%d3%93rtner\/#breadcrumb"},"inLanguage":"de","potentialAction":[{"@type":"ReadAction","target":["https:\/\/lecasedellagiardiniera.it\/de\/der-gemueseg%d3%93rtner\/"]}]},{"@type":"BreadcrumbList","@id":"https:\/\/lecasedellagiardiniera.it\/de\/der-gemueseg%d3%93rtner\/#breadcrumb","itemListElement":[{"@type":"ListItem","position":1,"name":"Home","item":"https:\/\/lecasedellagiardiniera.it\/de\/"},{"@type":"ListItem","position":2,"name":"Der Gem\u00fcseg\u04d3rtner"}]},{"@type":"WebSite","@id":"https:\/\/lecasedellagiardiniera.it\/#website","url":"https:\/\/lecasedellagiardiniera.it\/","name":"Le Case Della Giardiniera","description":"Un nuovo sito targato WordPress","potentialAction":[{"@type":"SearchAction","target":{"@type":"EntryPoint","urlTemplate":"https:\/\/lecasedellagiardiniera.it\/?s={search_term_string}"},"query-input":{"@type":"PropertyValueSpecification","valueRequired":true,"valueName":"search_term_string"}}],"inLanguage":"de"}]}},"_links":{"self":[{"href":"https:\/\/lecasedellagiardiniera.it\/de\/wp-json\/wp\/v2\/pages\/1238","targetHints":{"allow":["GET"]}}],"collection":[{"href":"https:\/\/lecasedellagiardiniera.it\/de\/wp-json\/wp\/v2\/pages"}],"about":[{"href":"https:\/\/lecasedellagiardiniera.it\/de\/wp-json\/wp\/v2\/types\/page"}],"author":[{"embeddable":true,"href":"https:\/\/lecasedellagiardiniera.it\/de\/wp-json\/wp\/v2\/users\/1"}],"replies":[{"embeddable":true,"href":"https:\/\/lecasedellagiardiniera.it\/de\/wp-json\/wp\/v2\/comments?post=1238"}],"version-history":[{"count":3,"href":"https:\/\/lecasedellagiardiniera.it\/de\/wp-json\/wp\/v2\/pages\/1238\/revisions"}],"predecessor-version":[{"id":1571,"href":"https:\/\/lecasedellagiardiniera.it\/de\/wp-json\/wp\/v2\/pages\/1238\/revisions\/1571"}],"wp:attachment":[{"href":"https:\/\/lecasedellagiardiniera.it\/de\/wp-json\/wp\/v2\/media?parent=1238"}],"curies":[{"name":"wp","href":"https:\/\/api.w.org\/{rel}","templated":true}]}}