{"id":1255,"date":"2016-09-29T10:54:19","date_gmt":"2016-09-29T08:54:19","guid":{"rendered":"http:\/\/www.lecasedellagiardiniera.it\/de\/?page_id=1255"},"modified":"2016-09-29T10:54:19","modified_gmt":"2016-09-29T08:54:19","slug":"das-landgut","status":"publish","type":"page","link":"https:\/\/lecasedellagiardiniera.it\/de\/das-landgut\/","title":{"rendered":"Das Landgut"},"content":{"rendered":"<div class=\"wpb-content-wrapper\"><p>[vc_row][vc_column][vc_column_text css=&#8220;.vc_custom_1470148192017{margin-bottom: 40px !important;}&#8220;]Das Landgut umfasst, au\u00dfer dem \u00a0<strong><a href=\"http:\/\/www.castellodipralormo.com\/index.php\/castello-di-pralormo\/\">Schloss<\/a><\/strong>, den\u00a0<strong><a href=\"http:\/\/www.castellodipralormo.com\/index.php\/castello-di-pralormo\/il-parco\/\">historischen Park<\/a><\/strong>, den <strong>giardino fiorito<\/strong>, l\u2019<strong>Orangerie<\/strong> (altes Treibhaus f\u00fcr die Zitruspflanzen), den <strong>Bauernhof<\/strong> (gro\u00dfen landwirtschaftlichen Betrieb), und den<strong>Familienbetrieb<\/strong>, der immer noch um die typische Landschaft des Gebiets zu sch\u00fctzen arbeitet.[\/vc_column_text][rev_slider_vc alias=&#8220;la-tenuta&#8220;][\/vc_column][\/vc_row]<\/p>\n<\/div>","protected":false},"excerpt":{"rendered":"<p>[vc_row][vc_column][vc_column_text css=&#8220;.vc_custom_1470148192017{margin-bottom: 40px !important;}&#8220;]Das Landgut umfasst, au\u00dfer dem \u00a0Schloss, den\u00a0historischen Park, den giardino fiorito, l\u2019Orangerie (altes Treibhaus f\u00fcr die Zitruspflanzen), den Bauernhof (gro\u00dfen landwirtschaftlichen Betrieb), und denFamilienbetrieb, der immer noch um die typische Landschaft des Gebiets zu sch\u00fctzen arbeitet.[\/vc_column_text][rev_slider_vc alias=&#8220;la-tenuta&#8220;][\/vc_column][\/vc_row]<\/p>\n","protected":false},"author":1,"featured_media":0,"parent":0,"menu_order":0,"comment_status":"closed","ping_status":"closed","template":"","meta":{"footnotes":""},"class_list":["post-1255","page","type-page","status-publish","hentry"],"yoast_head":"<!-- This site is optimized with the Yoast SEO plugin v26.8 - https:\/\/yoast.com\/product\/yoast-seo-wordpress\/ -->\n<title>Das Landgut | Le Case Della Giardiniera<\/title>\n<meta name=\"robots\" content=\"index, follow, max-snippet:-1, max-image-preview:large, max-video-preview:-1\" \/>\n<link rel=\"canonical\" href=\"https:\/\/lecasedellagiardiniera.it\/de\/das-landgut\/\" \/>\n<meta property=\"og:locale\" content=\"de_DE\" \/>\n<meta property=\"og:type\" content=\"article\" \/>\n<meta property=\"og:title\" content=\"Das Landgut | Le Case Della Giardiniera\" \/>\n<meta property=\"og:description\" content=\"[vc_row][vc_column][vc_column_text css=&#8220;.vc_custom_1470148192017{margin-bottom: 40px !important;}&#8220;]Das Landgut umfasst, au\u00dfer dem \u00a0Schloss, den\u00a0historischen Park, den giardino fiorito, l\u2019Orangerie (altes Treibhaus f\u00fcr die Zitruspflanzen), den Bauernhof (gro\u00dfen landwirtschaftlichen Betrieb), und denFamilienbetrieb, der immer noch um die typische Landschaft des Gebiets zu sch\u00fctzen arbeitet.[\/vc_column_text][rev_slider_vc alias=&#8220;la-tenuta&#8220;][\/vc_column][\/vc_row]\" \/>\n<meta property=\"og:url\" content=\"https:\/\/lecasedellagiardiniera.it\/de\/das-landgut\/\" \/>\n<meta property=\"og:site_name\" content=\"Le Case Della Giardiniera\" \/>\n<meta name=\"twitter:card\" content=\"summary_large_image\" \/>\n<script type=\"application\/ld+json\" class=\"yoast-schema-graph\">{\"@context\":\"https:\/\/schema.org\",\"@graph\":[{\"@type\":\"WebPage\",\"@id\":\"https:\/\/lecasedellagiardiniera.it\/de\/das-landgut\/\",\"url\":\"https:\/\/lecasedellagiardiniera.it\/de\/das-landgut\/\",\"name\":\"Das Landgut | Le Case Della Giardiniera\",\"isPartOf\":{\"@id\":\"https:\/\/lecasedellagiardiniera.it\/#website\"},\"datePublished\":\"2016-09-29T08:54:19+00:00\",\"breadcrumb\":{\"@id\":\"https:\/\/lecasedellagiardiniera.it\/de\/das-landgut\/#breadcrumb\"},\"inLanguage\":\"de\",\"potentialAction\":[{\"@type\":\"ReadAction\",\"target\":[\"https:\/\/lecasedellagiardiniera.it\/de\/das-landgut\/\"]}]},{\"@type\":\"BreadcrumbList\",\"@id\":\"https:\/\/lecasedellagiardiniera.it\/de\/das-landgut\/#breadcrumb\",\"itemListElement\":[{\"@type\":\"ListItem\",\"position\":1,\"name\":\"Home\",\"item\":\"https:\/\/lecasedellagiardiniera.it\/de\/\"},{\"@type\":\"ListItem\",\"position\":2,\"name\":\"Das Landgut\"}]},{\"@type\":\"WebSite\",\"@id\":\"https:\/\/lecasedellagiardiniera.it\/#website\",\"url\":\"https:\/\/lecasedellagiardiniera.it\/\",\"name\":\"Le Case Della Giardiniera\",\"description\":\"Un nuovo sito targato WordPress\",\"potentialAction\":[{\"@type\":\"SearchAction\",\"target\":{\"@type\":\"EntryPoint\",\"urlTemplate\":\"https:\/\/lecasedellagiardiniera.it\/?s={search_term_string}\"},\"query-input\":{\"@type\":\"PropertyValueSpecification\",\"valueRequired\":true,\"valueName\":\"search_term_string\"}}],\"inLanguage\":\"de\"}]}<\/script>\n<!-- \/ Yoast SEO plugin. -->","yoast_head_json":{"title":"Das Landgut | Le Case Della Giardiniera","robots":{"index":"index","follow":"follow","max-snippet":"max-snippet:-1","max-image-preview":"max-image-preview:large","max-video-preview":"max-video-preview:-1"},"canonical":"https:\/\/lecasedellagiardiniera.it\/de\/das-landgut\/","og_locale":"de_DE","og_type":"article","og_title":"Das Landgut | Le Case Della Giardiniera","og_description":"[vc_row][vc_column][vc_column_text css=&#8220;.vc_custom_1470148192017{margin-bottom: 40px !important;}&#8220;]Das Landgut umfasst, au\u00dfer dem \u00a0Schloss, den\u00a0historischen Park, den giardino fiorito, l\u2019Orangerie (altes Treibhaus f\u00fcr die Zitruspflanzen), den Bauernhof (gro\u00dfen landwirtschaftlichen Betrieb), und denFamilienbetrieb, der immer noch um die typische Landschaft des Gebiets zu sch\u00fctzen arbeitet.[\/vc_column_text][rev_slider_vc alias=&#8220;la-tenuta&#8220;][\/vc_column][\/vc_row]","og_url":"https:\/\/lecasedellagiardiniera.it\/de\/das-landgut\/","og_site_name":"Le Case Della Giardiniera","twitter_card":"summary_large_image","schema":{"@context":"https:\/\/schema.org","@graph":[{"@type":"WebPage","@id":"https:\/\/lecasedellagiardiniera.it\/de\/das-landgut\/","url":"https:\/\/lecasedellagiardiniera.it\/de\/das-landgut\/","name":"Das Landgut | Le Case Della Giardiniera","isPartOf":{"@id":"https:\/\/lecasedellagiardiniera.it\/#website"},"datePublished":"2016-09-29T08:54:19+00:00","breadcrumb":{"@id":"https:\/\/lecasedellagiardiniera.it\/de\/das-landgut\/#breadcrumb"},"inLanguage":"de","potentialAction":[{"@type":"ReadAction","target":["https:\/\/lecasedellagiardiniera.it\/de\/das-landgut\/"]}]},{"@type":"BreadcrumbList","@id":"https:\/\/lecasedellagiardiniera.it\/de\/das-landgut\/#breadcrumb","itemListElement":[{"@type":"ListItem","position":1,"name":"Home","item":"https:\/\/lecasedellagiardiniera.it\/de\/"},{"@type":"ListItem","position":2,"name":"Das Landgut"}]},{"@type":"WebSite","@id":"https:\/\/lecasedellagiardiniera.it\/#website","url":"https:\/\/lecasedellagiardiniera.it\/","name":"Le Case Della Giardiniera","description":"Un nuovo sito targato WordPress","potentialAction":[{"@type":"SearchAction","target":{"@type":"EntryPoint","urlTemplate":"https:\/\/lecasedellagiardiniera.it\/?s={search_term_string}"},"query-input":{"@type":"PropertyValueSpecification","valueRequired":true,"valueName":"search_term_string"}}],"inLanguage":"de"}]}},"_links":{"self":[{"href":"https:\/\/lecasedellagiardiniera.it\/de\/wp-json\/wp\/v2\/pages\/1255","targetHints":{"allow":["GET"]}}],"collection":[{"href":"https:\/\/lecasedellagiardiniera.it\/de\/wp-json\/wp\/v2\/pages"}],"about":[{"href":"https:\/\/lecasedellagiardiniera.it\/de\/wp-json\/wp\/v2\/types\/page"}],"author":[{"embeddable":true,"href":"https:\/\/lecasedellagiardiniera.it\/de\/wp-json\/wp\/v2\/users\/1"}],"replies":[{"embeddable":true,"href":"https:\/\/lecasedellagiardiniera.it\/de\/wp-json\/wp\/v2\/comments?post=1255"}],"version-history":[{"count":1,"href":"https:\/\/lecasedellagiardiniera.it\/de\/wp-json\/wp\/v2\/pages\/1255\/revisions"}],"predecessor-version":[{"id":1256,"href":"https:\/\/lecasedellagiardiniera.it\/de\/wp-json\/wp\/v2\/pages\/1255\/revisions\/1256"}],"wp:attachment":[{"href":"https:\/\/lecasedellagiardiniera.it\/de\/wp-json\/wp\/v2\/media?parent=1255"}],"curies":[{"name":"wp","href":"https:\/\/api.w.org\/{rel}","templated":true}]}}