{"id":1259,"date":"2016-09-29T11:06:59","date_gmt":"2016-09-29T09:06:59","guid":{"rendered":"http:\/\/www.lecasedellagiardiniera.it\/de\/?page_id=1259"},"modified":"2016-09-29T11:06:59","modified_gmt":"2016-09-29T09:06:59","slug":"historische-orte-die-man-besuchen-kann","status":"publish","type":"page","link":"https:\/\/lecasedellagiardiniera.it\/de\/historische-orte-die-man-besuchen-kann\/","title":{"rendered":"Historische Orte, die man besuchen kann"},"content":{"rendered":"<div class=\"wpb-content-wrapper\"><p>[vc_row][vc_column][vc_column_text]<strong>Historische Orte, die man besuchen kann<\/strong><\/p>\n<p><u>DAS SCHLOSS CAVOURS IN SANTENA<\/u><\/p>\n<p>20 Km von Pralormo<\/p>\n<p>Es handelt sich um ein altes Schloss \u04e7fter im Lauf der Jahrhunderte renoviert. Heute erscheint es wie eine Villa des 18. Jahrhunderts. Sie wurde vom Hofarchitekt Francesco Gallo zwischen 1712 und 1720 geplant und von einem englischen Park, den Xavier Kurten zeichnete, umgeschlossen. <\/p>\n<p>Das Schloss war die \u201cMaison de Plaisance\u201d der Familie Benso von Cavour, wo der ber\u00fchmte Staatsmann wuchs, sich weiterbildete und arbeitete. Heute ist das Schloss ein reines Museum-Haus, das die Figur von Camillo Benso erinnert und vom Leben in einem Landwohnsitz zeugt.<\/p>\n<p><em>Adresse: Piazza Visconti Venosta 2, 10026 Santena (TO)<\/em><br \/>\n<em>Tel.<\/em><em> +39 011 9492578 <\/em><br \/>\n<em>e-mail: <a href=\"mailto:info@fondazionecavour.it\">info@fondazionecavour.it<\/a> sito:<\/em><em> www.camillocavour.com<\/em><\/p>\n<p>Man soll das Sekretariat des Schlosses per Telefon kontaktieren, um Informationen \u00fcber die Besichtigungen, \u00d6ffnungstage und Zeiten und eine eventuelle Buchung zu bekommen.<\/p>\n<p>&nbsp;<\/p>\n<p><u>K\u00d6NIGSSCHLOSS RACCONIGIS UND SEIN HISTORISCHE ZENTRUM<\/u><\/p>\n<p> 26 Km von Pralormo<\/p>\n<p>Das Schloss hat viele Umbaue in den vergangenen Jahrhunderten erleidet und es wurde Besitz der Savoyenfamilie vom zweiten Halb des 14. Jahrhunderts an. Dann wurde es Offizielwohnsitz des Savoia-Carignano Stamms und endlich Sitz der \u201cK\u04e7nigsurlaubsorte\u201d(Reali Villeggiature) der K\u04e7nigsfamilie Italiens im Sommer und Herbst gew\u04d3hlt.<\/p>\n<p>Das K\u04e7nigsschloss ist ein v\u04e7llig eingerichteter Wohnsitz: Besondere ist, dass man die repr\u04d3sentativen Salons wie die Privatwohnungen, die Dienst-und Kinderm\u04d3dchenwohnungen, die W\u04d3schezimmer, die K\u00fcchen und die Speisekammer bewundern kann.<\/p>\n<p><em>Adresse: Via Morosini 3, 12035 Racconigi (CN) <\/em><br \/>\n<em>Tel. +39 0172-84005 Fax: . +39 0172-811531<\/em><br \/>\n<em>e-mail: <a href=\"mailto:sbap-to.racconigi@beniculturali.it\">sbap-to.racconigi@beniculturali.it<\/a> sito: <a href=\"http:\/\/www.ilcastellodiracconigi.it\">www.ilcastellodiracconigi.it<\/a> <\/em><\/p>\n<p>Man soll das Sekretariat des Schlosses per Telefon kontaktieren, um Informationen \u00fcber die Besichtigungen, \u00d6ffnungstage und Zeiten und eine eventuelle Buchung zu bekommen.<br \/>\n&nbsp;<\/p>\n<p><u>PESSIONE: MARTINI UND ROSSI MUSEUM DER WEINBAUKUNDEGESCHICHTE<\/u><\/p>\n<p>14 Km von Pralormo<\/p>\n<p>Das Museum wurde von der Privatsammlung der Montelerafamilie geschafft. Dann wurde es in den Jahren bereichert und perfektioniert. Die Sammlungen sind in den Weinkellern des 19. Jahrhunderts der historischen Villa Martinis in Pessione Chieris  ausgestellt und sie laden zu einer faszinierenden Reise durch die Zeit ein<\/p>\n<p><em>Adresse: Piazza Luigi Rossi 2 10023\u00a0Chieri-Pessione (TO)<\/em><br \/>\n<em>Tel. +39 011-94191 fax +39 011-9419324 <\/em><br \/>\n<em>e-mail: <a href=\"mailto:mondomartini@bacardi.com\">mondomartini@bacardi.com<\/a> sito: <a href=\"http:\/\/www.martinierossi.it\">www.martinierossi.it<\/a> <\/em><\/p>\n<p>Man soll das Sekretariat des Schlosses per Telefon kontaktieren, um Informationen \u00fcber die Besichtigungen, \u00d6ffnungstage und Zeiten und eine eventuelle Buchung zu bekommen.<\/p>\n<p>&nbsp;<\/p>\n<p><u>CARMAGNOLA: HISTORISCHE ZENTRUM<\/u><\/p>\n<p>16 Km von Pralormo<\/p>\n<p>Die Stadt Carmagnola ist eine gro\u00dfe Land- und Handelsortschaft, die ihre Ursprung um das Jahr Tausend herum hat. Aber jetzt geh\u04e7rt ihres Aussehen zum 17. Jahrhundert mit einer geometrischen Anordnung der Stra\u00dfen innen der Mauern und der Befestigungen. Das historische Zentrum zeigt viele Kirchen, Pl\u04d3tze und historische Geb\u04d3ude aber vor allem lange Arkaden die Hauptstra\u00dfen der Stadt entlang.<\/p>\n<p>In Carmagnola sind einige bemerkenswerten kulturellen und traditionellen Museen untergebracht, wie das Echomuseum des Hanfs, das Druckmuseum Rondani, das Stadtmuseum der Naturkunde, die Synagoge und das Stadtschiffsmuseum.<\/p>\n<p>Wochenmarkt: Mittwoch und Samstag morgen<\/p>\n<p>&nbsp;<\/p>\n<p><u>ALBA: HISTORISCHE ZENTRUM<\/u><\/p>\n<p>26 Km von Pralormo<\/p>\n<p>Die Stadt ist das Herz des Langhe Gebiets und sie ist ber\u00fchmt f\u00fcr ihres Essen, ihre Weine und Tr\u00fcffeln. Die Ursprungen der Stadt sind sehr alt, weil sie sogar aus 6.000 Jahren v.C. stammen.<\/p>\n<p>Im alten historischen Zentrum Albas sind verschiedene T\u00fcrme untergebracht, die die Landschaft der Stadt markieren. Man kann auch kleine Pl\u04d3tze, enge und typische Pfade, historische Gesch\u04d3fte und r\u04e7mische Reste entdecken, wie auch reine Kunstsch\u04d3tze, ein interessantes Freimuseum.<\/p>\n<p>Wochenmarkt: Samstag morgen<br \/>\n[\/vc_column_text][\/vc_column][\/vc_row]<\/p>\n<\/div>","protected":false},"excerpt":{"rendered":"<p>[vc_row][vc_column][vc_column_text]Historische Orte, die man besuchen kann DAS SCHLOSS CAVOURS IN SANTENA 20 Km von Pralormo Es handelt sich um ein altes Schloss \u04e7fter im Lauf der Jahrhunderte renoviert. Heute erscheint es wie eine Villa des 18. Jahrhunderts. Sie wurde vom Hofarchitekt Francesco Gallo zwischen 1712 und 1720 geplant und von einem englischen Park, den Xavier [&hellip;]<\/p>\n","protected":false},"author":1,"featured_media":0,"parent":0,"menu_order":0,"comment_status":"closed","ping_status":"closed","template":"","meta":{"footnotes":""},"class_list":["post-1259","page","type-page","status-publish","hentry"],"yoast_head":"<!-- This site is optimized with the Yoast SEO plugin v26.8 - https:\/\/yoast.com\/product\/yoast-seo-wordpress\/ -->\n<title>Historische Orte, die man besuchen kann | Le Case Della Giardiniera<\/title>\n<meta name=\"robots\" content=\"index, follow, max-snippet:-1, max-image-preview:large, max-video-preview:-1\" \/>\n<link rel=\"canonical\" href=\"https:\/\/lecasedellagiardiniera.it\/luoghi-storici\/\" \/>\n<meta property=\"og:locale\" content=\"de_DE\" \/>\n<meta property=\"og:type\" content=\"article\" \/>\n<meta property=\"og:title\" content=\"Historische Orte, die man besuchen kann | Le Case Della Giardiniera\" \/>\n<meta property=\"og:description\" content=\"[vc_row][vc_column][vc_column_text]Historische Orte, die man besuchen kann DAS SCHLOSS CAVOURS IN SANTENA 20 Km von Pralormo Es handelt sich um ein altes Schloss \u04e7fter im Lauf der Jahrhunderte renoviert. Heute erscheint es wie eine Villa des 18. Jahrhunderts. Sie wurde vom Hofarchitekt Francesco Gallo zwischen 1712 und 1720 geplant und von einem englischen Park, den Xavier [&hellip;]\" \/>\n<meta property=\"og:url\" content=\"https:\/\/lecasedellagiardiniera.it\/luoghi-storici\/\" \/>\n<meta property=\"og:site_name\" content=\"Le Case Della Giardiniera\" \/>\n<meta name=\"twitter:card\" content=\"summary_large_image\" \/>\n<meta name=\"twitter:label1\" content=\"Gesch\u00e4tzte Lesezeit\" \/>\n\t<meta name=\"twitter:data1\" content=\"3\u00a0Minuten\" \/>\n<script type=\"application\/ld+json\" class=\"yoast-schema-graph\">{\"@context\":\"https:\/\/schema.org\",\"@graph\":[{\"@type\":\"WebPage\",\"@id\":\"https:\/\/lecasedellagiardiniera.it\/luoghi-storici\/\",\"url\":\"https:\/\/lecasedellagiardiniera.it\/luoghi-storici\/\",\"name\":\"Historische Orte, die man besuchen kann | Le Case Della Giardiniera\",\"isPartOf\":{\"@id\":\"https:\/\/lecasedellagiardiniera.it\/#website\"},\"datePublished\":\"2016-09-29T09:06:59+00:00\",\"breadcrumb\":{\"@id\":\"https:\/\/lecasedellagiardiniera.it\/luoghi-storici\/#breadcrumb\"},\"inLanguage\":\"de\",\"potentialAction\":[{\"@type\":\"ReadAction\",\"target\":[\"https:\/\/lecasedellagiardiniera.it\/luoghi-storici\/\"]}]},{\"@type\":\"BreadcrumbList\",\"@id\":\"https:\/\/lecasedellagiardiniera.it\/luoghi-storici\/#breadcrumb\",\"itemListElement\":[{\"@type\":\"ListItem\",\"position\":1,\"name\":\"Home\",\"item\":\"https:\/\/lecasedellagiardiniera.it\/de\/\"},{\"@type\":\"ListItem\",\"position\":2,\"name\":\"Historische Orte, die man besuchen kann\"}]},{\"@type\":\"WebSite\",\"@id\":\"https:\/\/lecasedellagiardiniera.it\/#website\",\"url\":\"https:\/\/lecasedellagiardiniera.it\/\",\"name\":\"Le Case Della Giardiniera\",\"description\":\"Un nuovo sito targato WordPress\",\"potentialAction\":[{\"@type\":\"SearchAction\",\"target\":{\"@type\":\"EntryPoint\",\"urlTemplate\":\"https:\/\/lecasedellagiardiniera.it\/?s={search_term_string}\"},\"query-input\":{\"@type\":\"PropertyValueSpecification\",\"valueRequired\":true,\"valueName\":\"search_term_string\"}}],\"inLanguage\":\"de\"}]}<\/script>\n<!-- \/ Yoast SEO plugin. -->","yoast_head_json":{"title":"Historische Orte, die man besuchen kann | Le Case Della Giardiniera","robots":{"index":"index","follow":"follow","max-snippet":"max-snippet:-1","max-image-preview":"max-image-preview:large","max-video-preview":"max-video-preview:-1"},"canonical":"https:\/\/lecasedellagiardiniera.it\/luoghi-storici\/","og_locale":"de_DE","og_type":"article","og_title":"Historische Orte, die man besuchen kann | Le Case Della Giardiniera","og_description":"[vc_row][vc_column][vc_column_text]Historische Orte, die man besuchen kann DAS SCHLOSS CAVOURS IN SANTENA 20 Km von Pralormo Es handelt sich um ein altes Schloss \u04e7fter im Lauf der Jahrhunderte renoviert. Heute erscheint es wie eine Villa des 18. Jahrhunderts. Sie wurde vom Hofarchitekt Francesco Gallo zwischen 1712 und 1720 geplant und von einem englischen Park, den Xavier [&hellip;]","og_url":"https:\/\/lecasedellagiardiniera.it\/luoghi-storici\/","og_site_name":"Le Case Della Giardiniera","twitter_card":"summary_large_image","twitter_misc":{"Gesch\u00e4tzte Lesezeit":"3\u00a0Minuten"},"schema":{"@context":"https:\/\/schema.org","@graph":[{"@type":"WebPage","@id":"https:\/\/lecasedellagiardiniera.it\/luoghi-storici\/","url":"https:\/\/lecasedellagiardiniera.it\/luoghi-storici\/","name":"Historische Orte, die man besuchen kann | Le Case Della Giardiniera","isPartOf":{"@id":"https:\/\/lecasedellagiardiniera.it\/#website"},"datePublished":"2016-09-29T09:06:59+00:00","breadcrumb":{"@id":"https:\/\/lecasedellagiardiniera.it\/luoghi-storici\/#breadcrumb"},"inLanguage":"de","potentialAction":[{"@type":"ReadAction","target":["https:\/\/lecasedellagiardiniera.it\/luoghi-storici\/"]}]},{"@type":"BreadcrumbList","@id":"https:\/\/lecasedellagiardiniera.it\/luoghi-storici\/#breadcrumb","itemListElement":[{"@type":"ListItem","position":1,"name":"Home","item":"https:\/\/lecasedellagiardiniera.it\/de\/"},{"@type":"ListItem","position":2,"name":"Historische Orte, die man besuchen kann"}]},{"@type":"WebSite","@id":"https:\/\/lecasedellagiardiniera.it\/#website","url":"https:\/\/lecasedellagiardiniera.it\/","name":"Le Case Della Giardiniera","description":"Un nuovo sito targato WordPress","potentialAction":[{"@type":"SearchAction","target":{"@type":"EntryPoint","urlTemplate":"https:\/\/lecasedellagiardiniera.it\/?s={search_term_string}"},"query-input":{"@type":"PropertyValueSpecification","valueRequired":true,"valueName":"search_term_string"}}],"inLanguage":"de"}]}},"_links":{"self":[{"href":"https:\/\/lecasedellagiardiniera.it\/de\/wp-json\/wp\/v2\/pages\/1259","targetHints":{"allow":["GET"]}}],"collection":[{"href":"https:\/\/lecasedellagiardiniera.it\/de\/wp-json\/wp\/v2\/pages"}],"about":[{"href":"https:\/\/lecasedellagiardiniera.it\/de\/wp-json\/wp\/v2\/types\/page"}],"author":[{"embeddable":true,"href":"https:\/\/lecasedellagiardiniera.it\/de\/wp-json\/wp\/v2\/users\/1"}],"replies":[{"embeddable":true,"href":"https:\/\/lecasedellagiardiniera.it\/de\/wp-json\/wp\/v2\/comments?post=1259"}],"version-history":[{"count":1,"href":"https:\/\/lecasedellagiardiniera.it\/de\/wp-json\/wp\/v2\/pages\/1259\/revisions"}],"predecessor-version":[{"id":1260,"href":"https:\/\/lecasedellagiardiniera.it\/de\/wp-json\/wp\/v2\/pages\/1259\/revisions\/1260"}],"wp:attachment":[{"href":"https:\/\/lecasedellagiardiniera.it\/de\/wp-json\/wp\/v2\/media?parent=1259"}],"curies":[{"name":"wp","href":"https:\/\/api.w.org\/{rel}","templated":true}]}}