{"id":1261,"date":"2016-09-29T11:07:54","date_gmt":"2016-09-29T09:07:54","guid":{"rendered":"http:\/\/www.lecasedellagiardiniera.it\/de\/?page_id=1261"},"modified":"2016-09-29T11:07:54","modified_gmt":"2016-09-29T09:07:54","slug":"sport-und-loisir","status":"publish","type":"page","link":"https:\/\/lecasedellagiardiniera.it\/de\/sport-und-loisir\/","title":{"rendered":"SPORT UND LOISIR"},"content":{"rendered":"<div class=\"wpb-content-wrapper\"><p>[vc_row][vc_column][vc_column_text]<strong>Sport und loisir<\/strong><\/p>\n<p>In der Umgebung Pralormos kann man viele Sports treiben und Familienanlage mit Dienstleistungen f\u00fcr jedes Bed\u00fcrfnis und Aktivit\u04d3ten im Freien zu machen geeignet finden:<\/p>\n<p>&#8211; Golffelder<br \/>\n&#8211; Schwimmb\u04d3der im Freien<br \/>\n&#8211; Basket-, Volley- und Beach Volley Sportanlage, Boccia, Fu\u00dfball mit 5 Spielern und Tennis<br \/>\n&#8211; Reitvereine, sowohl f\u00fcr Spazierg\u04d3nge als auch f\u00fcr die Reitsporteinf\u00fchrung f\u00fcr Kinder und Erwachsene<br \/>\n&#8211; Fahrradstrecken und Spazierg\u04d3nge entlang den Pfaden, die die wunderbare Land- und Waldaussicht des Gebiets durchqueren<br \/>\n[\/vc_column_text][\/vc_column][\/vc_row]<\/p>\n<\/div>","protected":false},"excerpt":{"rendered":"<p>[vc_row][vc_column][vc_column_text]Sport und loisir In der Umgebung Pralormos kann man viele Sports treiben und Familienanlage mit Dienstleistungen f\u00fcr jedes Bed\u00fcrfnis und Aktivit\u04d3ten im Freien zu machen geeignet finden: &#8211; Golffelder &#8211; Schwimmb\u04d3der im Freien &#8211; Basket-, Volley- und Beach Volley Sportanlage, Boccia, Fu\u00dfball mit 5 Spielern und Tennis &#8211; Reitvereine, sowohl f\u00fcr Spazierg\u04d3nge als auch f\u00fcr [&hellip;]<\/p>\n","protected":false},"author":1,"featured_media":0,"parent":0,"menu_order":0,"comment_status":"closed","ping_status":"closed","template":"","meta":{"footnotes":""},"class_list":["post-1261","page","type-page","status-publish","hentry"],"yoast_head":"<!-- This site is optimized with the Yoast SEO plugin v26.8 - https:\/\/yoast.com\/product\/yoast-seo-wordpress\/ -->\n<title>SPORT UND LOISIR | Le Case Della Giardiniera<\/title>\n<meta name=\"robots\" content=\"index, follow, max-snippet:-1, max-image-preview:large, max-video-preview:-1\" \/>\n<link rel=\"canonical\" href=\"https:\/\/lecasedellagiardiniera.it\/sport-e-loisir\/\" \/>\n<meta property=\"og:locale\" content=\"de_DE\" \/>\n<meta property=\"og:type\" content=\"article\" \/>\n<meta property=\"og:title\" content=\"SPORT UND LOISIR | Le Case Della Giardiniera\" \/>\n<meta property=\"og:description\" content=\"[vc_row][vc_column][vc_column_text]Sport und loisir In der Umgebung Pralormos kann man viele Sports treiben und Familienanlage mit Dienstleistungen f\u00fcr jedes Bed\u00fcrfnis und Aktivit\u04d3ten im Freien zu machen geeignet finden: &#8211; Golffelder &#8211; Schwimmb\u04d3der im Freien &#8211; Basket-, Volley- und Beach Volley Sportanlage, Boccia, Fu\u00dfball mit 5 Spielern und Tennis &#8211; Reitvereine, sowohl f\u00fcr Spazierg\u04d3nge als auch f\u00fcr [&hellip;]\" \/>\n<meta property=\"og:url\" content=\"https:\/\/lecasedellagiardiniera.it\/sport-e-loisir\/\" \/>\n<meta property=\"og:site_name\" content=\"Le Case Della Giardiniera\" \/>\n<meta name=\"twitter:card\" content=\"summary_large_image\" \/>\n<meta name=\"twitter:label1\" content=\"Gesch\u00e4tzte Lesezeit\" \/>\n\t<meta name=\"twitter:data1\" content=\"1\u00a0Minute\" \/>\n<script type=\"application\/ld+json\" class=\"yoast-schema-graph\">{\"@context\":\"https:\/\/schema.org\",\"@graph\":[{\"@type\":\"WebPage\",\"@id\":\"https:\/\/lecasedellagiardiniera.it\/sport-e-loisir\/\",\"url\":\"https:\/\/lecasedellagiardiniera.it\/sport-e-loisir\/\",\"name\":\"SPORT UND LOISIR | Le Case Della Giardiniera\",\"isPartOf\":{\"@id\":\"https:\/\/lecasedellagiardiniera.it\/#website\"},\"datePublished\":\"2016-09-29T09:07:54+00:00\",\"breadcrumb\":{\"@id\":\"https:\/\/lecasedellagiardiniera.it\/sport-e-loisir\/#breadcrumb\"},\"inLanguage\":\"de\",\"potentialAction\":[{\"@type\":\"ReadAction\",\"target\":[\"https:\/\/lecasedellagiardiniera.it\/sport-e-loisir\/\"]}]},{\"@type\":\"BreadcrumbList\",\"@id\":\"https:\/\/lecasedellagiardiniera.it\/sport-e-loisir\/#breadcrumb\",\"itemListElement\":[{\"@type\":\"ListItem\",\"position\":1,\"name\":\"Home\",\"item\":\"https:\/\/lecasedellagiardiniera.it\/de\/\"},{\"@type\":\"ListItem\",\"position\":2,\"name\":\"SPORT UND LOISIR\"}]},{\"@type\":\"WebSite\",\"@id\":\"https:\/\/lecasedellagiardiniera.it\/#website\",\"url\":\"https:\/\/lecasedellagiardiniera.it\/\",\"name\":\"Le Case Della Giardiniera\",\"description\":\"Un nuovo sito targato WordPress\",\"potentialAction\":[{\"@type\":\"SearchAction\",\"target\":{\"@type\":\"EntryPoint\",\"urlTemplate\":\"https:\/\/lecasedellagiardiniera.it\/?s={search_term_string}\"},\"query-input\":{\"@type\":\"PropertyValueSpecification\",\"valueRequired\":true,\"valueName\":\"search_term_string\"}}],\"inLanguage\":\"de\"}]}<\/script>\n<!-- \/ Yoast SEO plugin. -->","yoast_head_json":{"title":"SPORT UND LOISIR | Le Case Della Giardiniera","robots":{"index":"index","follow":"follow","max-snippet":"max-snippet:-1","max-image-preview":"max-image-preview:large","max-video-preview":"max-video-preview:-1"},"canonical":"https:\/\/lecasedellagiardiniera.it\/sport-e-loisir\/","og_locale":"de_DE","og_type":"article","og_title":"SPORT UND LOISIR | Le Case Della Giardiniera","og_description":"[vc_row][vc_column][vc_column_text]Sport und loisir In der Umgebung Pralormos kann man viele Sports treiben und Familienanlage mit Dienstleistungen f\u00fcr jedes Bed\u00fcrfnis und Aktivit\u04d3ten im Freien zu machen geeignet finden: &#8211; Golffelder &#8211; Schwimmb\u04d3der im Freien &#8211; Basket-, Volley- und Beach Volley Sportanlage, Boccia, Fu\u00dfball mit 5 Spielern und Tennis &#8211; Reitvereine, sowohl f\u00fcr Spazierg\u04d3nge als auch f\u00fcr [&hellip;]","og_url":"https:\/\/lecasedellagiardiniera.it\/sport-e-loisir\/","og_site_name":"Le Case Della Giardiniera","twitter_card":"summary_large_image","twitter_misc":{"Gesch\u00e4tzte Lesezeit":"1\u00a0Minute"},"schema":{"@context":"https:\/\/schema.org","@graph":[{"@type":"WebPage","@id":"https:\/\/lecasedellagiardiniera.it\/sport-e-loisir\/","url":"https:\/\/lecasedellagiardiniera.it\/sport-e-loisir\/","name":"SPORT UND LOISIR | Le Case Della Giardiniera","isPartOf":{"@id":"https:\/\/lecasedellagiardiniera.it\/#website"},"datePublished":"2016-09-29T09:07:54+00:00","breadcrumb":{"@id":"https:\/\/lecasedellagiardiniera.it\/sport-e-loisir\/#breadcrumb"},"inLanguage":"de","potentialAction":[{"@type":"ReadAction","target":["https:\/\/lecasedellagiardiniera.it\/sport-e-loisir\/"]}]},{"@type":"BreadcrumbList","@id":"https:\/\/lecasedellagiardiniera.it\/sport-e-loisir\/#breadcrumb","itemListElement":[{"@type":"ListItem","position":1,"name":"Home","item":"https:\/\/lecasedellagiardiniera.it\/de\/"},{"@type":"ListItem","position":2,"name":"SPORT UND LOISIR"}]},{"@type":"WebSite","@id":"https:\/\/lecasedellagiardiniera.it\/#website","url":"https:\/\/lecasedellagiardiniera.it\/","name":"Le Case Della Giardiniera","description":"Un nuovo sito targato WordPress","potentialAction":[{"@type":"SearchAction","target":{"@type":"EntryPoint","urlTemplate":"https:\/\/lecasedellagiardiniera.it\/?s={search_term_string}"},"query-input":{"@type":"PropertyValueSpecification","valueRequired":true,"valueName":"search_term_string"}}],"inLanguage":"de"}]}},"_links":{"self":[{"href":"https:\/\/lecasedellagiardiniera.it\/de\/wp-json\/wp\/v2\/pages\/1261","targetHints":{"allow":["GET"]}}],"collection":[{"href":"https:\/\/lecasedellagiardiniera.it\/de\/wp-json\/wp\/v2\/pages"}],"about":[{"href":"https:\/\/lecasedellagiardiniera.it\/de\/wp-json\/wp\/v2\/types\/page"}],"author":[{"embeddable":true,"href":"https:\/\/lecasedellagiardiniera.it\/de\/wp-json\/wp\/v2\/users\/1"}],"replies":[{"embeddable":true,"href":"https:\/\/lecasedellagiardiniera.it\/de\/wp-json\/wp\/v2\/comments?post=1261"}],"version-history":[{"count":1,"href":"https:\/\/lecasedellagiardiniera.it\/de\/wp-json\/wp\/v2\/pages\/1261\/revisions"}],"predecessor-version":[{"id":1262,"href":"https:\/\/lecasedellagiardiniera.it\/de\/wp-json\/wp\/v2\/pages\/1261\/revisions\/1262"}],"wp:attachment":[{"href":"https:\/\/lecasedellagiardiniera.it\/de\/wp-json\/wp\/v2\/media?parent=1261"}],"curies":[{"name":"wp","href":"https:\/\/api.w.org\/{rel}","templated":true}]}}