{"id":1263,"date":"2016-09-29T11:10:41","date_gmt":"2016-09-29T09:10:41","guid":{"rendered":"http:\/\/www.lecasedellagiardiniera.it\/de\/?page_id=1263"},"modified":"2016-09-29T11:10:41","modified_gmt":"2016-09-29T09:10:41","slug":"wo-koennen-sie-essen","status":"publish","type":"page","link":"https:\/\/lecasedellagiardiniera.it\/de\/wo-koennen-sie-essen\/","title":{"rendered":"WO K\u00d6NNEN SIE ESSEN"},"content":{"rendered":"<div class=\"wpb-content-wrapper\"><p>[vc_row][vc_column][vc_column_text]<strong>WO K\u00d6NNEN SIE ESSEN<\/strong><\/p>\n<p>Um das Schloss herum haben einige Bauernh\u04e7fe eine Verkaufsstelle f\u00fcr ihre Produkte ge\u04e7ffnet: Vom Fleisch bis zu Wurstwaren, vom K\u04d3se bis zu Gem\u00fcse, vom Obst bis zu S\u00fc\u00dfwaren. <\/p>\n<p>In der Umgebung Pralormos kann man au\u00dferdem Restaurants und Gastst\u04d3tten, die vor allem traditionelle Kochrezepte und die Benutzung von typischen Produkten des Gebiets empfehlen, finden.<\/p>\n<p>Die  H\u04d3user der G\u04d3rtnerin, das Landgut, die Landschaft, das Schloss, der Park, Messer Tulipano, bandera Stickerei, Empf\u04d3nge, der kleine Zug des Grafes<br \/>\n[\/vc_column_text][\/vc_column][\/vc_row]<\/p>\n<\/div>","protected":false},"excerpt":{"rendered":"<p>[vc_row][vc_column][vc_column_text]WO K\u00d6NNEN SIE ESSEN Um das Schloss herum haben einige Bauernh\u04e7fe eine Verkaufsstelle f\u00fcr ihre Produkte ge\u04e7ffnet: Vom Fleisch bis zu Wurstwaren, vom K\u04d3se bis zu Gem\u00fcse, vom Obst bis zu S\u00fc\u00dfwaren. In der Umgebung Pralormos kann man au\u00dferdem Restaurants und Gastst\u04d3tten, die vor allem traditionelle Kochrezepte und die Benutzung von typischen Produkten des Gebiets [&hellip;]<\/p>\n","protected":false},"author":1,"featured_media":0,"parent":0,"menu_order":0,"comment_status":"closed","ping_status":"closed","template":"","meta":{"footnotes":""},"class_list":["post-1263","page","type-page","status-publish","hentry"],"yoast_head":"<!-- This site is optimized with the Yoast SEO plugin v26.8 - https:\/\/yoast.com\/product\/yoast-seo-wordpress\/ -->\n<title>WO K\u00d6NNEN SIE ESSEN | Le Case Della Giardiniera<\/title>\n<meta name=\"robots\" content=\"index, follow, max-snippet:-1, max-image-preview:large, max-video-preview:-1\" \/>\n<link rel=\"canonical\" href=\"https:\/\/lecasedellagiardiniera.it\/ristorazione\/\" \/>\n<meta property=\"og:locale\" content=\"de_DE\" \/>\n<meta property=\"og:type\" content=\"article\" \/>\n<meta property=\"og:title\" content=\"WO K\u00d6NNEN SIE ESSEN | Le Case Della Giardiniera\" \/>\n<meta property=\"og:description\" content=\"[vc_row][vc_column][vc_column_text]WO K\u00d6NNEN SIE ESSEN Um das Schloss herum haben einige Bauernh\u04e7fe eine Verkaufsstelle f\u00fcr ihre Produkte ge\u04e7ffnet: Vom Fleisch bis zu Wurstwaren, vom K\u04d3se bis zu Gem\u00fcse, vom Obst bis zu S\u00fc\u00dfwaren. In der Umgebung Pralormos kann man au\u00dferdem Restaurants und Gastst\u04d3tten, die vor allem traditionelle Kochrezepte und die Benutzung von typischen Produkten des Gebiets [&hellip;]\" \/>\n<meta property=\"og:url\" content=\"https:\/\/lecasedellagiardiniera.it\/ristorazione\/\" \/>\n<meta property=\"og:site_name\" content=\"Le Case Della Giardiniera\" \/>\n<meta name=\"twitter:card\" content=\"summary_large_image\" \/>\n<meta name=\"twitter:label1\" content=\"Gesch\u00e4tzte Lesezeit\" \/>\n\t<meta name=\"twitter:data1\" content=\"1\u00a0Minute\" \/>\n<script type=\"application\/ld+json\" class=\"yoast-schema-graph\">{\"@context\":\"https:\/\/schema.org\",\"@graph\":[{\"@type\":\"WebPage\",\"@id\":\"https:\/\/lecasedellagiardiniera.it\/ristorazione\/\",\"url\":\"https:\/\/lecasedellagiardiniera.it\/ristorazione\/\",\"name\":\"WO K\u00d6NNEN SIE ESSEN | Le Case Della Giardiniera\",\"isPartOf\":{\"@id\":\"https:\/\/lecasedellagiardiniera.it\/#website\"},\"datePublished\":\"2016-09-29T09:10:41+00:00\",\"breadcrumb\":{\"@id\":\"https:\/\/lecasedellagiardiniera.it\/ristorazione\/#breadcrumb\"},\"inLanguage\":\"de\",\"potentialAction\":[{\"@type\":\"ReadAction\",\"target\":[\"https:\/\/lecasedellagiardiniera.it\/ristorazione\/\"]}]},{\"@type\":\"BreadcrumbList\",\"@id\":\"https:\/\/lecasedellagiardiniera.it\/ristorazione\/#breadcrumb\",\"itemListElement\":[{\"@type\":\"ListItem\",\"position\":1,\"name\":\"Home\",\"item\":\"https:\/\/lecasedellagiardiniera.it\/de\/\"},{\"@type\":\"ListItem\",\"position\":2,\"name\":\"WO K\u00d6NNEN SIE ESSEN\"}]},{\"@type\":\"WebSite\",\"@id\":\"https:\/\/lecasedellagiardiniera.it\/#website\",\"url\":\"https:\/\/lecasedellagiardiniera.it\/\",\"name\":\"Le Case Della Giardiniera\",\"description\":\"Un nuovo sito targato WordPress\",\"potentialAction\":[{\"@type\":\"SearchAction\",\"target\":{\"@type\":\"EntryPoint\",\"urlTemplate\":\"https:\/\/lecasedellagiardiniera.it\/?s={search_term_string}\"},\"query-input\":{\"@type\":\"PropertyValueSpecification\",\"valueRequired\":true,\"valueName\":\"search_term_string\"}}],\"inLanguage\":\"de\"}]}<\/script>\n<!-- \/ Yoast SEO plugin. -->","yoast_head_json":{"title":"WO K\u00d6NNEN SIE ESSEN | Le Case Della Giardiniera","robots":{"index":"index","follow":"follow","max-snippet":"max-snippet:-1","max-image-preview":"max-image-preview:large","max-video-preview":"max-video-preview:-1"},"canonical":"https:\/\/lecasedellagiardiniera.it\/ristorazione\/","og_locale":"de_DE","og_type":"article","og_title":"WO K\u00d6NNEN SIE ESSEN | Le Case Della Giardiniera","og_description":"[vc_row][vc_column][vc_column_text]WO K\u00d6NNEN SIE ESSEN Um das Schloss herum haben einige Bauernh\u04e7fe eine Verkaufsstelle f\u00fcr ihre Produkte ge\u04e7ffnet: Vom Fleisch bis zu Wurstwaren, vom K\u04d3se bis zu Gem\u00fcse, vom Obst bis zu S\u00fc\u00dfwaren. In der Umgebung Pralormos kann man au\u00dferdem Restaurants und Gastst\u04d3tten, die vor allem traditionelle Kochrezepte und die Benutzung von typischen Produkten des Gebiets [&hellip;]","og_url":"https:\/\/lecasedellagiardiniera.it\/ristorazione\/","og_site_name":"Le Case Della Giardiniera","twitter_card":"summary_large_image","twitter_misc":{"Gesch\u00e4tzte Lesezeit":"1\u00a0Minute"},"schema":{"@context":"https:\/\/schema.org","@graph":[{"@type":"WebPage","@id":"https:\/\/lecasedellagiardiniera.it\/ristorazione\/","url":"https:\/\/lecasedellagiardiniera.it\/ristorazione\/","name":"WO K\u00d6NNEN SIE ESSEN | Le Case Della Giardiniera","isPartOf":{"@id":"https:\/\/lecasedellagiardiniera.it\/#website"},"datePublished":"2016-09-29T09:10:41+00:00","breadcrumb":{"@id":"https:\/\/lecasedellagiardiniera.it\/ristorazione\/#breadcrumb"},"inLanguage":"de","potentialAction":[{"@type":"ReadAction","target":["https:\/\/lecasedellagiardiniera.it\/ristorazione\/"]}]},{"@type":"BreadcrumbList","@id":"https:\/\/lecasedellagiardiniera.it\/ristorazione\/#breadcrumb","itemListElement":[{"@type":"ListItem","position":1,"name":"Home","item":"https:\/\/lecasedellagiardiniera.it\/de\/"},{"@type":"ListItem","position":2,"name":"WO K\u00d6NNEN SIE ESSEN"}]},{"@type":"WebSite","@id":"https:\/\/lecasedellagiardiniera.it\/#website","url":"https:\/\/lecasedellagiardiniera.it\/","name":"Le Case Della Giardiniera","description":"Un nuovo sito targato WordPress","potentialAction":[{"@type":"SearchAction","target":{"@type":"EntryPoint","urlTemplate":"https:\/\/lecasedellagiardiniera.it\/?s={search_term_string}"},"query-input":{"@type":"PropertyValueSpecification","valueRequired":true,"valueName":"search_term_string"}}],"inLanguage":"de"}]}},"_links":{"self":[{"href":"https:\/\/lecasedellagiardiniera.it\/de\/wp-json\/wp\/v2\/pages\/1263","targetHints":{"allow":["GET"]}}],"collection":[{"href":"https:\/\/lecasedellagiardiniera.it\/de\/wp-json\/wp\/v2\/pages"}],"about":[{"href":"https:\/\/lecasedellagiardiniera.it\/de\/wp-json\/wp\/v2\/types\/page"}],"author":[{"embeddable":true,"href":"https:\/\/lecasedellagiardiniera.it\/de\/wp-json\/wp\/v2\/users\/1"}],"replies":[{"embeddable":true,"href":"https:\/\/lecasedellagiardiniera.it\/de\/wp-json\/wp\/v2\/comments?post=1263"}],"version-history":[{"count":1,"href":"https:\/\/lecasedellagiardiniera.it\/de\/wp-json\/wp\/v2\/pages\/1263\/revisions"}],"predecessor-version":[{"id":1264,"href":"https:\/\/lecasedellagiardiniera.it\/de\/wp-json\/wp\/v2\/pages\/1263\/revisions\/1264"}],"wp:attachment":[{"href":"https:\/\/lecasedellagiardiniera.it\/de\/wp-json\/wp\/v2\/media?parent=1263"}],"curies":[{"name":"wp","href":"https:\/\/api.w.org\/{rel}","templated":true}]}}